{"id":10,"date":"2016-11-29T06:51:51","date_gmt":"2016-11-29T06:51:51","guid":{"rendered":"http:\/\/omali.com.gt\/?page_id=10"},"modified":"2016-12-06T15:42:56","modified_gmt":"2016-12-06T15:42:56","slug":"servicios","status":"publish","type":"page","link":"https:\/\/omali.com.gt\/en\/servicios\/","title":{"rendered":"Servicios"},"content":{"rendered":"<p><img loading=\"lazy\" decoding=\"async\" class=\"size-full wp-image-11\" src=\"http:\/\/omali.com.gt\/wp-content\/uploads\/2016\/11\/banner-servicios.jpg\" alt=\"Servicios\" width=\"767\" height=\"176\" srcset=\"https:\/\/omali.com.gt\/wp-content\/uploads\/2016\/11\/banner-servicios.jpg 767w, https:\/\/omali.com.gt\/wp-content\/uploads\/2016\/11\/banner-servicios-300x69.jpg 300w\" sizes=\"auto, (max-width: 767px) 85vw, 767px\" \/><\/p>\n<h2>Servicios<\/h2>\n<p><img loading=\"lazy\" decoding=\"async\" class=\"alignleft size-full wp-image-218\" src=\"http:\/\/omali.com.gt\/wp-content\/uploads\/2016\/11\/servicios-interior.jpg\" alt=\"Servicios\" width=\"300\" height=\"225\" \/><span class=\"brand\">Omali S. A.<\/span> provee todo tipo de servicios relacionados con la utilizaci\u00f3n de geosint\u00e9ticos incluyendo dise\u00f1o, instalaci\u00f3n, asesor\u00eda t\u00e9cnica y ejecuci\u00f3n completa de obras. Contamos con Ingenieros Civiles, Geot\u00e9cnicos y t\u00e9cnicos especializados con amplia experiencia.<br \/>\n<a href=\"http:\/\/omali.com.gt\/instalacion-de-geomembrana\/\">Instalaci\u00f3n de Geomembrana<\/a><\/p>\n<p><a href=\"http:\/\/omali.com.gt\/instalacion-de-tuberia-hdpe\/\">Instalaci\u00f3n de Tuber\u00eda HDPE<\/a><\/p>\n<p><a href=\"http:\/\/omali.com.gt\/desarrollo-de-proyectos\/\">Desarrollo de Proyectos<\/a><\/p>\n<p><a href=\"http:\/\/omali.com.gt\/diseno-de-muros-de-contencion\/\">Dise\u00f1o de Muros de contenci\u00f3n<\/a><\/p>\n<p><a href=\"http:\/\/omali.com.gt\/consultoria-de-geosinteticos\/\">Consultor\u00eda de Geosint\u00e9ticos<\/a><\/p>\n","protected":false},"excerpt":{"rendered":"<p>Servicios Omali S. A. provee todo tipo de servicios relacionados con la utilizaci\u00f3n de geosint\u00e9ticos incluyendo dise\u00f1o, instalaci\u00f3n, asesor\u00eda t\u00e9cnica y ejecuci\u00f3n completa de obras. Contamos con Ingenieros Civiles, Geot\u00e9cnicos y t\u00e9cnicos especializados con amplia experiencia. Instalaci\u00f3n de Geomembrana Instalaci\u00f3n de Tuber\u00eda HDPE Desarrollo de Proyectos Dise\u00f1o de Muros de contenci\u00f3n Consultor\u00eda de Geosint\u00e9ticos<\/p>\n","protected":false},"author":1,"featured_media":0,"parent":0,"menu_order":0,"comment_status":"closed","ping_status":"closed","template":"page-templates\/interior.php","meta":{"footnotes":""},"categories":[],"tags":[],"class_list":["post-10","page","type-page","status-publish","hentry"],"translation":{"provider":"WPGlobus","version":"2.10.9","language":"en","enabled_languages":["es","en"],"languages":{"es":{"title":true,"content":true,"excerpt":false},"en":{"title":false,"content":false,"excerpt":false}}},"_links":{"self":[{"href":"https:\/\/omali.com.gt\/en\/wp-json\/wp\/v2\/pages\/10","targetHints":{"allow":["GET"]}}],"collection":[{"href":"https:\/\/omali.com.gt\/en\/wp-json\/wp\/v2\/pages"}],"about":[{"href":"https:\/\/omali.com.gt\/en\/wp-json\/wp\/v2\/types\/page"}],"author":[{"embeddable":true,"href":"https:\/\/omali.com.gt\/en\/wp-json\/wp\/v2\/users\/1"}],"replies":[{"embeddable":true,"href":"https:\/\/omali.com.gt\/en\/wp-json\/wp\/v2\/comments?post=10"}],"version-history":[{"count":13,"href":"https:\/\/omali.com.gt\/en\/wp-json\/wp\/v2\/pages\/10\/revisions"}],"predecessor-version":[{"id":231,"href":"https:\/\/omali.com.gt\/en\/wp-json\/wp\/v2\/pages\/10\/revisions\/231"}],"wp:attachment":[{"href":"https:\/\/omali.com.gt\/en\/wp-json\/wp\/v2\/media?parent=10"}],"wp:term":[{"taxonomy":"category","embeddable":true,"href":"https:\/\/omali.com.gt\/en\/wp-json\/wp\/v2\/categories?post=10"},{"taxonomy":"post_tag","embeddable":true,"href":"https:\/\/omali.com.gt\/en\/wp-json\/wp\/v2\/tags?post=10"}],"curies":[{"name":"wp","href":"https:\/\/api.w.org\/{rel}","templated":true}]}}