{"id":1012,"date":"2019-05-03T21:24:23","date_gmt":"2019-05-03T21:24:23","guid":{"rendered":"http:\/\/omali.com.gt\/?page_id=1012"},"modified":"2019-05-07T23:21:01","modified_gmt":"2019-05-07T23:21:01","slug":"seminario-geosinteticos-2019","status":"publish","type":"page","link":"https:\/\/omali.com.gt\/en\/literatura\/seminario-geosinteticos-2019\/","title":{"rendered":"SEMINARIO GEOSINTETICOS 2019"},"content":{"rendered":"<p><a href=\"http:\/\/omali.com.gt\/wp-content\/uploads\/2019\/05\/INTRODUCCION-A-LOS-GEOSINTETICOS.pdf\">Introducci\u00f3n a los Geosint\u00e9ticos<\/a><\/p>\n<p><a href=\"http:\/\/omali.com.gt\/wp-content\/uploads\/2019\/05\/Uso-generales-de-geotextiles.pdf\" target=\"_blank\" rel=\"noopener\">Uso generales de geotextiles<\/a><\/p>\n<p><a href=\"http:\/\/omali.com.gt\/wp-content\/uploads\/2019\/05\/TERRAPL.pdf\" target=\"_blank\" rel=\"noopener\">Construcci\u00f3n de Terraplenes sobre capas de suelos blandos<\/a><\/p>\n<p><a href=\"http:\/\/omali.com.gt\/wp-content\/uploads\/2019\/05\/TECHNT-1.pdf\" target=\"_blank\" rel=\"noopener\">Funciones de los Geosinte\u0301ticos<\/a><\/p>\n<p><a href=\"http:\/\/omali.com.gt\/wp-content\/uploads\/2019\/05\/Propiedades-y-Metdo-de-Ensayos.pdf\" target=\"_blank\" rel=\"noopener\">Propiedades y M\u00e9todo de Ensayos<\/a><\/p>\n<p><a href=\"http:\/\/omali.com.gt\/wp-content\/uploads\/2019\/05\/MARV_Tipica_Nota-Tecnica.pdf\" target=\"_blank\" rel=\"noopener\">Nota Te\u0301cnica Sobre Valores \u201cTi\u0301picos vs. Valores Mi\u0301nimos Promedio del Rollo (MARV del Ingles)<\/a><\/p>\n<p><a href=\"http:\/\/omali.com.gt\/wp-content\/uploads\/2019\/05\/drenaje.pdf\" target=\"_blank\" rel=\"noopener\">Aplicaciones de Filtracio\u0301n y Drenaje con Geotextiles<\/a><\/p>\n<p><a href=\"http:\/\/omali.com.gt\/wp-content\/uploads\/2019\/05\/Diseno-de-camino-con-geotextil.pdf\" target=\"_blank\" rel=\"noopener\">Dise\u00f1o de camino con geotextil<\/a><\/p>\n<p><a href=\"http:\/\/omali.com.gt\/wp-content\/uploads\/2019\/05\/AASHTO-M-288-06-Highlights.pdf\" target=\"_blank\" rel=\"noopener\">AASHTO M 288-06 Highlights<\/a><\/p>\n","protected":false},"excerpt":{"rendered":"<p>Introducci\u00f3n a los Geosint\u00e9ticos Uso generales de geotextiles Construcci\u00f3n de Terraplenes sobre capas de suelos blandos Funciones de los Geosinte\u0301ticos Propiedades y M\u00e9todo de Ensayos Nota Te\u0301cnica Sobre Valores \u201cTi\u0301picos vs. Valores Mi\u0301nimos Promedio del Rollo (MARV del Ingles) Aplicaciones de Filtracio\u0301n y Drenaje con Geotextiles Dise\u00f1o de camino con geotextil AASHTO M 288-06 Highlights<\/p>\n","protected":false},"author":1,"featured_media":0,"parent":983,"menu_order":0,"comment_status":"closed","ping_status":"closed","template":"page-templates\/interior.php","meta":{"footnotes":""},"categories":[],"tags":[],"class_list":["post-1012","page","type-page","status-publish","hentry"],"translation":{"provider":"WPGlobus","version":"2.10.9","language":"en","enabled_languages":["es","en"],"languages":{"es":{"title":true,"content":true,"excerpt":false},"en":{"title":false,"content":false,"excerpt":false}}},"_links":{"self":[{"href":"https:\/\/omali.com.gt\/en\/wp-json\/wp\/v2\/pages\/1012","targetHints":{"allow":["GET"]}}],"collection":[{"href":"https:\/\/omali.com.gt\/en\/wp-json\/wp\/v2\/pages"}],"about":[{"href":"https:\/\/omali.com.gt\/en\/wp-json\/wp\/v2\/types\/page"}],"author":[{"embeddable":true,"href":"https:\/\/omali.com.gt\/en\/wp-json\/wp\/v2\/users\/1"}],"replies":[{"embeddable":true,"href":"https:\/\/omali.com.gt\/en\/wp-json\/wp\/v2\/comments?post=1012"}],"version-history":[{"count":3,"href":"https:\/\/omali.com.gt\/en\/wp-json\/wp\/v2\/pages\/1012\/revisions"}],"predecessor-version":[{"id":1033,"href":"https:\/\/omali.com.gt\/en\/wp-json\/wp\/v2\/pages\/1012\/revisions\/1033"}],"up":[{"embeddable":true,"href":"https:\/\/omali.com.gt\/en\/wp-json\/wp\/v2\/pages\/983"}],"wp:attachment":[{"href":"https:\/\/omali.com.gt\/en\/wp-json\/wp\/v2\/media?parent=1012"}],"wp:term":[{"taxonomy":"category","embeddable":true,"href":"https:\/\/omali.com.gt\/en\/wp-json\/wp\/v2\/categories?post=1012"},{"taxonomy":"post_tag","embeddable":true,"href":"https:\/\/omali.com.gt\/en\/wp-json\/wp\/v2\/tags?post=1012"}],"curies":[{"name":"wp","href":"https:\/\/api.w.org\/{rel}","templated":true}]}}