{"id":147,"date":"2016-12-01T15:47:17","date_gmt":"2016-12-01T15:47:17","guid":{"rendered":"http:\/\/omali.com.gt\/?page_id=147"},"modified":"2017-01-17T22:10:32","modified_gmt":"2017-01-17T22:10:32","slug":"reservorio-de-ceniza-y-carbon","status":"publish","type":"page","link":"https:\/\/omali.com.gt\/en\/productos\/geomembranas\/reservorio-de-ceniza-y-carbon\/","title":{"rendered":"Ash and Coal Reservoir"},"content":{"rendered":"<h2>Ash and Coal Reservoir<\/h2>\n<p><img loading=\"lazy\" decoding=\"async\" class=\"size-full wp-image-504 alignleft\" src=\"http:\/\/omali.com.gt\/wp-content\/uploads\/2016\/12\/Ash_and_Coal_Reservoir.jpg\" alt=\"Ash and Coal Reservoir\" width=\"327\" height=\"245\" srcset=\"https:\/\/omali.com.gt\/wp-content\/uploads\/2016\/12\/Ash_and_Coal_Reservoir.jpg 327w, https:\/\/omali.com.gt\/wp-content\/uploads\/2016\/12\/Ash_and_Coal_Reservoir-300x225.jpg 300w\" sizes=\"auto, (max-width: 327px) 85vw, 327px\" \/><br \/>\nGeomembranes are commonly utilized in tunnels and canals applications to line and protect these kinds of structures.<br \/>\n<!--more--><\/p>\n<p>\nOver time, concrete lined canals may crack, resulting in a significant loss of water. Geomembranes are used extensively in these applications due to their proven performance as effective and economical liners, providing many benefits such as durability in exposed conditions, resistance to a broad range of chemical substances, and rapid installation.<br \/>\n<br \/>\nThe demanding requirements of today\u2019s tunnel designs include full encapsulation of tunnels with impervious, flexible and chemically inert geomembranes to ensure the tunnel remains dry at all times thereby allowing for continued construction activities and an extended useful life.<br \/>\n<br \/>\nThe most widely used configuration, concrete-geomembrane-concrete is employed for almost any type of tunnel construction. During construction, the outer layer of concrete holds the tunnel open until the waterproofing geomembrane can be installed. The inner layer of concrete, which acts as the main structure of the tunnel is then placed over the geomembrane.<\/p>\n<p>Geomembranes assure waterproofing of the system even with slight differential settlements or seismic activity due to their flexibility, thus protecting the integrity and functionality of these kinds of structures.<\/p>\n","protected":false},"excerpt":{"rendered":"<p>Reservorio de Ceniza y Carb\u00f3n Las geomembranas son utilizadas com\u00fanmente para el revestimiento de canales y t\u00faneles, en donde protegen e impermeabilizan dichas estructuras.<\/p>\n","protected":false},"author":1,"featured_media":150,"parent":80,"menu_order":2,"comment_status":"closed","ping_status":"closed","template":"page-templates\/interior.php","meta":{"footnotes":""},"categories":[6],"tags":[124],"class_list":["post-147","page","type-page","status-publish","has-post-thumbnail","hentry","category-geomembranas","tag-x-x-x-x-x-x-x-ash-and-coal-reservoir"],"translation":{"provider":"WPGlobus","version":"2.10.9","language":"en","enabled_languages":["es","en"],"languages":{"es":{"title":true,"content":true,"excerpt":false},"en":{"title":true,"content":true,"excerpt":false}}},"_links":{"self":[{"href":"https:\/\/omali.com.gt\/en\/wp-json\/wp\/v2\/pages\/147","targetHints":{"allow":["GET"]}}],"collection":[{"href":"https:\/\/omali.com.gt\/en\/wp-json\/wp\/v2\/pages"}],"about":[{"href":"https:\/\/omali.com.gt\/en\/wp-json\/wp\/v2\/types\/page"}],"author":[{"embeddable":true,"href":"https:\/\/omali.com.gt\/en\/wp-json\/wp\/v2\/users\/1"}],"replies":[{"embeddable":true,"href":"https:\/\/omali.com.gt\/en\/wp-json\/wp\/v2\/comments?post=147"}],"version-history":[{"count":15,"href":"https:\/\/omali.com.gt\/en\/wp-json\/wp\/v2\/pages\/147\/revisions"}],"predecessor-version":[{"id":503,"href":"https:\/\/omali.com.gt\/en\/wp-json\/wp\/v2\/pages\/147\/revisions\/503"}],"up":[{"embeddable":true,"href":"https:\/\/omali.com.gt\/en\/wp-json\/wp\/v2\/pages\/80"}],"wp:featuredmedia":[{"embeddable":true,"href":"https:\/\/omali.com.gt\/en\/wp-json\/wp\/v2\/media\/150"}],"wp:attachment":[{"href":"https:\/\/omali.com.gt\/en\/wp-json\/wp\/v2\/media?parent=147"}],"wp:term":[{"taxonomy":"category","embeddable":true,"href":"https:\/\/omali.com.gt\/en\/wp-json\/wp\/v2\/categories?post=147"},{"taxonomy":"post_tag","embeddable":true,"href":"https:\/\/omali.com.gt\/en\/wp-json\/wp\/v2\/tags?post=147"}],"curies":[{"name":"wp","href":"https:\/\/api.w.org\/{rel}","templated":true}]}}