{"id":168,"date":"2016-12-01T16:11:23","date_gmt":"2016-12-01T16:11:23","guid":{"rendered":"http:\/\/omali.com.gt\/?page_id=168"},"modified":"2017-01-17T22:18:45","modified_gmt":"2017-01-17T22:18:45","slug":"patios-de-lixiviacion-para-mineria","status":"publish","type":"page","link":"https:\/\/omali.com.gt\/en\/productos\/geomembranas\/patios-de-lixiviacion-para-mineria\/","title":{"rendered":"Mining Leach Pads and Solution Ponds"},"content":{"rendered":"<h2>Mining Leach Pads and Solution Ponds<\/h2>\n<p><img loading=\"lazy\" decoding=\"async\" class=\"alignnone size-full wp-image-524\" src=\"http:\/\/omali.com.gt\/wp-content\/uploads\/2016\/12\/Mining_Leach_Pads_and_Solution_Ponds.jpg\" alt=\"Mining Leach Pads and Solution Ponds\" width=\"767\" height=\"245\" srcset=\"https:\/\/omali.com.gt\/wp-content\/uploads\/2016\/12\/Mining_Leach_Pads_and_Solution_Ponds.jpg 767w, https:\/\/omali.com.gt\/wp-content\/uploads\/2016\/12\/Mining_Leach_Pads_and_Solution_Ponds-300x96.jpg 300w\" sizes=\"auto, (max-width: 767px) 85vw, 767px\" \/><\/p>\n<p>Today\u2019s mining practices require optimal performance from containment lining systems which can be achieved through the utilization of geomembranes.<!--more--><br \/>\n<br \/>\nThe essential leach pad component is the primary geomembrane liner which performs a double purpose, to collect valuable leachates and to protect groundwater resources from contamination.<br \/>\n<br \/>\nAfter collecting leachates, this solution must be contained in a pond typically exposed to the elements and constant use. These ponds are lined with geomembranes to assure complete capture of solution.<br \/>\nTo further prevent the loss of this valuable solution and soil contamination, these ponds are frequently lined with a secondary geomembrane layer in combination of geocomposites beneath the primary containment liner to create a permanent leak detection system.<br \/>\n<br \/>\nGeomembranes are used extensively in these applications due to their proven performance as effective and economical liners, providing many benefits such as durability in exposed conditions, resistance to a broad range of chemical substances, and rapid installation.<\/p>\n","protected":false},"excerpt":{"rendered":"<p>Patios de Lixiviaci\u00f3n para Miner\u00eda Las pr\u00e1cticas de miner\u00eda de hoy en d\u00eda requieren de un alto desempe\u00f1o en los sistemas de revestimiento para contenci\u00f3n de l\u00edquidos, lo cual puede ser logrado a trav\u00e9s de<\/p>\n","protected":false},"author":1,"featured_media":170,"parent":80,"menu_order":5,"comment_status":"closed","ping_status":"closed","template":"page-templates\/interior.php","meta":{"footnotes":""},"categories":[6],"tags":[117],"class_list":["post-168","page","type-page","status-publish","has-post-thumbnail","hentry","category-geomembranas","tag-x-mining-leach-pads-and-solution-ponds"],"translation":{"provider":"WPGlobus","version":"2.10.9","language":"en","enabled_languages":["es","en"],"languages":{"es":{"title":true,"content":true,"excerpt":false},"en":{"title":true,"content":true,"excerpt":false}}},"_links":{"self":[{"href":"https:\/\/omali.com.gt\/en\/wp-json\/wp\/v2\/pages\/168","targetHints":{"allow":["GET"]}}],"collection":[{"href":"https:\/\/omali.com.gt\/en\/wp-json\/wp\/v2\/pages"}],"about":[{"href":"https:\/\/omali.com.gt\/en\/wp-json\/wp\/v2\/types\/page"}],"author":[{"embeddable":true,"href":"https:\/\/omali.com.gt\/en\/wp-json\/wp\/v2\/users\/1"}],"replies":[{"embeddable":true,"href":"https:\/\/omali.com.gt\/en\/wp-json\/wp\/v2\/comments?post=168"}],"version-history":[{"count":7,"href":"https:\/\/omali.com.gt\/en\/wp-json\/wp\/v2\/pages\/168\/revisions"}],"predecessor-version":[{"id":523,"href":"https:\/\/omali.com.gt\/en\/wp-json\/wp\/v2\/pages\/168\/revisions\/523"}],"up":[{"embeddable":true,"href":"https:\/\/omali.com.gt\/en\/wp-json\/wp\/v2\/pages\/80"}],"wp:featuredmedia":[{"embeddable":true,"href":"https:\/\/omali.com.gt\/en\/wp-json\/wp\/v2\/media\/170"}],"wp:attachment":[{"href":"https:\/\/omali.com.gt\/en\/wp-json\/wp\/v2\/media?parent=168"}],"wp:term":[{"taxonomy":"category","embeddable":true,"href":"https:\/\/omali.com.gt\/en\/wp-json\/wp\/v2\/categories?post=168"},{"taxonomy":"post_tag","embeddable":true,"href":"https:\/\/omali.com.gt\/en\/wp-json\/wp\/v2\/tags?post=168"}],"curies":[{"name":"wp","href":"https:\/\/api.w.org\/{rel}","templated":true}]}}