{"id":173,"date":"2016-12-01T16:13:19","date_gmt":"2016-12-01T16:13:19","guid":{"rendered":"http:\/\/omali.com.gt\/?page_id=173"},"modified":"2017-01-17T22:20:54","modified_gmt":"2017-01-17T22:20:54","slug":"areas-de-contencion-secundaria","status":"publish","type":"page","link":"https:\/\/omali.com.gt\/en\/productos\/geomembranas\/areas-de-contencion-secundaria\/","title":{"rendered":"\ufffcSecondary Containment Areas"},"content":{"rendered":"<p>\ufffc<\/p>\n<h2>Secondary Containment Areas<\/h2>\n<p><img loading=\"lazy\" decoding=\"async\" class=\"size-full wp-image-527 alignleft\" src=\"http:\/\/omali.com.gt\/wp-content\/uploads\/2016\/12\/\ufffcSecondary_Containment_Areas.jpg\" alt=\"\ufffcSecondary Containment Areas\" width=\"300\" height=\"199\" \/><\/p>\n<p>Geomembranes are commonly utilized for the construction of secondary containment areas for hazardous liquids, which are designed to prevent soil contamination <!--more-->in the event of a primary tank leakage. The design of such areas has become a very common practice due to the environmental protection emphasis of today\u2019s requirements.<br \/>\n<br \/>\nThe utililization of geomembranes for secondary containment areas provides an economical and long lasting solution for these kinds of projects, and adapts well to the containment requirements of a broad range of chemical substances, due to the exceptional resistance of geomembranes to degradation due to chemical reactions and ultraviolet.<\/p>\n","protected":false},"excerpt":{"rendered":"<p>\u00c1reas de Contenci\u00f3n Secundaria Las geomembranas son utilizadas com\u00fanmente para la construcci\u00f3n de contenedores secundarios, para almacenamiento de combustibles o l\u00edquidos peligrosos, los cuales<\/p>\n","protected":false},"author":1,"featured_media":176,"parent":80,"menu_order":6,"comment_status":"closed","ping_status":"closed","template":"page-templates\/interior.php","meta":{"footnotes":""},"categories":[6],"tags":[],"class_list":["post-173","page","type-page","status-publish","has-post-thumbnail","hentry","category-geomembranas"],"translation":{"provider":"WPGlobus","version":"2.10.9","language":"en","enabled_languages":["es","en"],"languages":{"es":{"title":true,"content":true,"excerpt":false},"en":{"title":true,"content":true,"excerpt":false}}},"_links":{"self":[{"href":"https:\/\/omali.com.gt\/en\/wp-json\/wp\/v2\/pages\/173","targetHints":{"allow":["GET"]}}],"collection":[{"href":"https:\/\/omali.com.gt\/en\/wp-json\/wp\/v2\/pages"}],"about":[{"href":"https:\/\/omali.com.gt\/en\/wp-json\/wp\/v2\/types\/page"}],"author":[{"embeddable":true,"href":"https:\/\/omali.com.gt\/en\/wp-json\/wp\/v2\/users\/1"}],"replies":[{"embeddable":true,"href":"https:\/\/omali.com.gt\/en\/wp-json\/wp\/v2\/comments?post=173"}],"version-history":[{"count":12,"href":"https:\/\/omali.com.gt\/en\/wp-json\/wp\/v2\/pages\/173\/revisions"}],"predecessor-version":[{"id":526,"href":"https:\/\/omali.com.gt\/en\/wp-json\/wp\/v2\/pages\/173\/revisions\/526"}],"up":[{"embeddable":true,"href":"https:\/\/omali.com.gt\/en\/wp-json\/wp\/v2\/pages\/80"}],"wp:featuredmedia":[{"embeddable":true,"href":"https:\/\/omali.com.gt\/en\/wp-json\/wp\/v2\/media\/176"}],"wp:attachment":[{"href":"https:\/\/omali.com.gt\/en\/wp-json\/wp\/v2\/media?parent=173"}],"wp:term":[{"taxonomy":"category","embeddable":true,"href":"https:\/\/omali.com.gt\/en\/wp-json\/wp\/v2\/categories?post=173"},{"taxonomy":"post_tag","embeddable":true,"href":"https:\/\/omali.com.gt\/en\/wp-json\/wp\/v2\/tags?post=173"}],"curies":[{"name":"wp","href":"https:\/\/api.w.org\/{rel}","templated":true}]}}