{"id":191,"date":"2016-12-01T17:02:06","date_gmt":"2016-12-01T17:02:06","guid":{"rendered":"http:\/\/omali.com.gt\/?page_id=191"},"modified":"2017-01-17T22:27:20","modified_gmt":"2017-01-17T22:27:20","slug":"geotextiles-de-repavimentacion","status":"publish","type":"page","link":"https:\/\/omali.com.gt\/en\/productos\/geotextiles-no-tejidos\/geotextiles-de-repavimentacion\/","title":{"rendered":"Paving Geotextiles"},"content":{"rendered":"<h2>Paving Geotextiles<\/h2>\n<p><img loading=\"lazy\" decoding=\"async\" class=\"size-full wp-image-647 alignleft\" src=\"http:\/\/omali.com.gt\/wp-content\/uploads\/2016\/12\/Paving_Geotextiles.jpg\" alt=\"paving geotextiles\" width=\"327\" height=\"245\" srcset=\"https:\/\/omali.com.gt\/wp-content\/uploads\/2016\/12\/Paving_Geotextiles.jpg 327w, https:\/\/omali.com.gt\/wp-content\/uploads\/2016\/12\/Paving_Geotextiles-300x225.jpg 300w\" sizes=\"auto, (max-width: 327px) 85vw, 327px\" \/><\/p>\n<p>Paving geotextiles are non woven polypropylene fabrics specially designed for paving applications. When used in combination with an asphalt tack coat, the system<!--more-->forms an asphalt membrane interlayer within the pavement section.<br \/>\n<br \/>\nThis layer acts as a barrier to surface water infiltration, thus protecting the pavement structure underneath, and improving resistance to pavement fatigue and reflective cracking. These combined functions have been widely shown to extend the life of asphalt cement concrete overlays and new pavements.<br \/>\n<br \/>\n<span class=\"s1\"><span class=\"brand\">Omali S.A.<\/span> provides the free use of its geotextile laydown equipment with the sale of its paving fabrics, as well as the required technical support in the correct utilization and installation of these products.<\/span><\/p>\n","protected":false},"excerpt":{"rendered":"<p>Geotextiles de Repavimentaci\u00f3n Los geotextiles de repavimentaci\u00f3n son geotextiles no tejidos de polipropileno, especializados para realizar trabajos de repavimentaci\u00f3n.<\/p>\n","protected":false},"author":1,"featured_media":193,"parent":83,"menu_order":1,"comment_status":"closed","ping_status":"closed","template":"page-templates\/interior.php","meta":{"footnotes":""},"categories":[7],"tags":[141],"class_list":["post-191","page","type-page","status-publish","has-post-thumbnail","hentry","category-geotextiles-no-tejidos","tag-paving-geotextiles"],"translation":{"provider":"WPGlobus","version":"2.10.9","language":"en","enabled_languages":["es","en"],"languages":{"es":{"title":true,"content":true,"excerpt":false},"en":{"title":true,"content":true,"excerpt":false}}},"_links":{"self":[{"href":"https:\/\/omali.com.gt\/en\/wp-json\/wp\/v2\/pages\/191","targetHints":{"allow":["GET"]}}],"collection":[{"href":"https:\/\/omali.com.gt\/en\/wp-json\/wp\/v2\/pages"}],"about":[{"href":"https:\/\/omali.com.gt\/en\/wp-json\/wp\/v2\/types\/page"}],"author":[{"embeddable":true,"href":"https:\/\/omali.com.gt\/en\/wp-json\/wp\/v2\/users\/1"}],"replies":[{"embeddable":true,"href":"https:\/\/omali.com.gt\/en\/wp-json\/wp\/v2\/comments?post=191"}],"version-history":[{"count":16,"href":"https:\/\/omali.com.gt\/en\/wp-json\/wp\/v2\/pages\/191\/revisions"}],"predecessor-version":[{"id":780,"href":"https:\/\/omali.com.gt\/en\/wp-json\/wp\/v2\/pages\/191\/revisions\/780"}],"up":[{"embeddable":true,"href":"https:\/\/omali.com.gt\/en\/wp-json\/wp\/v2\/pages\/83"}],"wp:featuredmedia":[{"embeddable":true,"href":"https:\/\/omali.com.gt\/en\/wp-json\/wp\/v2\/media\/193"}],"wp:attachment":[{"href":"https:\/\/omali.com.gt\/en\/wp-json\/wp\/v2\/media?parent=191"}],"wp:term":[{"taxonomy":"category","embeddable":true,"href":"https:\/\/omali.com.gt\/en\/wp-json\/wp\/v2\/categories?post=191"},{"taxonomy":"post_tag","embeddable":true,"href":"https:\/\/omali.com.gt\/en\/wp-json\/wp\/v2\/tags?post=191"}],"curies":[{"name":"wp","href":"https:\/\/api.w.org\/{rel}","templated":true}]}}