{"id":197,"date":"2016-12-01T17:04:18","date_gmt":"2016-12-01T17:04:18","guid":{"rendered":"http:\/\/omali.com.gt\/?page_id=197"},"modified":"2017-01-17T22:28:40","modified_gmt":"2017-01-17T22:28:40","slug":"subdrenajes","status":"publish","type":"page","link":"https:\/\/omali.com.gt\/en\/productos\/geotextiles-no-tejidos\/subdrenajes\/","title":{"rendered":"Sub-drainage"},"content":{"rendered":"<h2><b>Sub-drainage<\/b><\/h2>\n<p class=\"p1\"><img loading=\"lazy\" decoding=\"async\" class=\"size-full wp-image-655 alignleft\" src=\"http:\/\/omali.com.gt\/wp-content\/uploads\/2016\/12\/Sub-drainage.jpg\" alt=\"Sub-drainage\" width=\"245\" height=\"327\" srcset=\"https:\/\/omali.com.gt\/wp-content\/uploads\/2016\/12\/Sub-drainage.jpg 245w, https:\/\/omali.com.gt\/wp-content\/uploads\/2016\/12\/Sub-drainage-225x300.jpg 225w\" sizes=\"auto, (max-width: 245px) 85vw, 245px\" \/><\/p>\n<p>In sub drainage applications, a non woven geotextile acts as a filter, letting water pass through it and retaining fine soil particles.<!--more--><br \/>\n<br \/>\nTo construct a drainage trench, the gravel placed in the trench has to be encapsulated with a non woven geotextile, in order for the water entering the drainage trench to be free of soil particles, and thus preventing the constant erosion of the surrounding soil.<br \/>\n<br \/>\nThe type of non woven geotextile to be selected will depend on the particle size of the surrounding soil, as well as the amount of water flow which is required to pass through it. Light weight geotextiles are commonly used for these applications.<\/p>\n","protected":false},"excerpt":{"rendered":"<p>Subdrenajes En aplicaciones de subdrenajes, el geotextil no tejido act\u00faa como filtro, dejando pasar agua a trav\u00e9s de \u00e9l, y reteniendo las part\u00edculas finas del suelo.<\/p>\n","protected":false},"author":1,"featured_media":199,"parent":83,"menu_order":2,"comment_status":"closed","ping_status":"closed","template":"page-templates\/interior.php","meta":{"footnotes":""},"categories":[7],"tags":[],"class_list":["post-197","page","type-page","status-publish","has-post-thumbnail","hentry","category-geotextiles-no-tejidos"],"translation":{"provider":"WPGlobus","version":"2.10.9","language":"en","enabled_languages":["es","en"],"languages":{"es":{"title":true,"content":true,"excerpt":false},"en":{"title":true,"content":true,"excerpt":false}}},"_links":{"self":[{"href":"https:\/\/omali.com.gt\/en\/wp-json\/wp\/v2\/pages\/197","targetHints":{"allow":["GET"]}}],"collection":[{"href":"https:\/\/omali.com.gt\/en\/wp-json\/wp\/v2\/pages"}],"about":[{"href":"https:\/\/omali.com.gt\/en\/wp-json\/wp\/v2\/types\/page"}],"author":[{"embeddable":true,"href":"https:\/\/omali.com.gt\/en\/wp-json\/wp\/v2\/users\/1"}],"replies":[{"embeddable":true,"href":"https:\/\/omali.com.gt\/en\/wp-json\/wp\/v2\/comments?post=197"}],"version-history":[{"count":12,"href":"https:\/\/omali.com.gt\/en\/wp-json\/wp\/v2\/pages\/197\/revisions"}],"predecessor-version":[{"id":654,"href":"https:\/\/omali.com.gt\/en\/wp-json\/wp\/v2\/pages\/197\/revisions\/654"}],"up":[{"embeddable":true,"href":"https:\/\/omali.com.gt\/en\/wp-json\/wp\/v2\/pages\/83"}],"wp:featuredmedia":[{"embeddable":true,"href":"https:\/\/omali.com.gt\/en\/wp-json\/wp\/v2\/media\/199"}],"wp:attachment":[{"href":"https:\/\/omali.com.gt\/en\/wp-json\/wp\/v2\/media?parent=197"}],"wp:term":[{"taxonomy":"category","embeddable":true,"href":"https:\/\/omali.com.gt\/en\/wp-json\/wp\/v2\/categories?post=197"},{"taxonomy":"post_tag","embeddable":true,"href":"https:\/\/omali.com.gt\/en\/wp-json\/wp\/v2\/tags?post=197"}],"curies":[{"name":"wp","href":"https:\/\/api.w.org\/{rel}","templated":true}]}}