{"id":204,"date":"2016-12-01T17:08:02","date_gmt":"2016-12-01T17:08:02","guid":{"rendered":"http:\/\/omali.com.gt\/?page_id=204"},"modified":"2017-01-17T22:35:21","modified_gmt":"2017-01-17T22:35:21","slug":"separacion-y-estabilizacion-de-suelos","status":"publish","type":"page","link":"https:\/\/omali.com.gt\/en\/productos\/geotextiles-no-tejidos\/separacion-y-estabilizacion-de-suelos\/","title":{"rendered":"Separation and Stabilization of Soils"},"content":{"rendered":"<h2>Separation and Stabilization of Soils<\/h2>\n<p><img loading=\"lazy\" decoding=\"async\" class=\"size-full wp-image-664 alignleft\" src=\"http:\/\/omali.com.gt\/wp-content\/uploads\/2016\/12\/Separation_and_Stabilization_of_Soils.jpg\" alt=\"Separation and Stabilization of Soils\" width=\"259\" height=\"194\" \/><\/p>\n<p>Non woven geotextiles are commonly utilized in the construction of roads and highways as well as other applications, in which select aggregates are to be placed and compacted over<!--more-->weak natural soils.<br \/>\n<br \/>\nIn order to stabilize these soils, the non woven geotextile is placed between the natural soil and the consequent aggregate layers to provide separation, ensuring that these two do not mix and loose their design properties. This will ensure a longer road life, and save the owner considerable maintenance costs.<br \/>\n<br \/>\nThe type of geotextile to be selected will depend on the tensile strength required to provide reinforcement to the soil, as well as the geotextile\u2019s ability to withstand construction damage.<\/p>\n","protected":false},"excerpt":{"rendered":"<p>Separaci\u00f3n y Estabilizaci\u00f3n de Suelos Los geotextiles no tejidos son utilizados com\u00fanmente en la construcci\u00f3n de carreteras y otros, en donde se deben compactar diferentes capas de<\/p>\n","protected":false},"author":1,"featured_media":206,"parent":83,"menu_order":3,"comment_status":"closed","ping_status":"closed","template":"page-templates\/interior.php","meta":{"footnotes":""},"categories":[7],"tags":[],"class_list":["post-204","page","type-page","status-publish","has-post-thumbnail","hentry","category-geotextiles-no-tejidos"],"translation":{"provider":"WPGlobus","version":"2.10.9","language":"en","enabled_languages":["es","en"],"languages":{"es":{"title":true,"content":true,"excerpt":false},"en":{"title":true,"content":true,"excerpt":false}}},"_links":{"self":[{"href":"https:\/\/omali.com.gt\/en\/wp-json\/wp\/v2\/pages\/204","targetHints":{"allow":["GET"]}}],"collection":[{"href":"https:\/\/omali.com.gt\/en\/wp-json\/wp\/v2\/pages"}],"about":[{"href":"https:\/\/omali.com.gt\/en\/wp-json\/wp\/v2\/types\/page"}],"author":[{"embeddable":true,"href":"https:\/\/omali.com.gt\/en\/wp-json\/wp\/v2\/users\/1"}],"replies":[{"embeddable":true,"href":"https:\/\/omali.com.gt\/en\/wp-json\/wp\/v2\/comments?post=204"}],"version-history":[{"count":12,"href":"https:\/\/omali.com.gt\/en\/wp-json\/wp\/v2\/pages\/204\/revisions"}],"predecessor-version":[{"id":784,"href":"https:\/\/omali.com.gt\/en\/wp-json\/wp\/v2\/pages\/204\/revisions\/784"}],"up":[{"embeddable":true,"href":"https:\/\/omali.com.gt\/en\/wp-json\/wp\/v2\/pages\/83"}],"wp:featuredmedia":[{"embeddable":true,"href":"https:\/\/omali.com.gt\/en\/wp-json\/wp\/v2\/media\/206"}],"wp:attachment":[{"href":"https:\/\/omali.com.gt\/en\/wp-json\/wp\/v2\/media?parent=204"}],"wp:term":[{"taxonomy":"category","embeddable":true,"href":"https:\/\/omali.com.gt\/en\/wp-json\/wp\/v2\/categories?post=204"},{"taxonomy":"post_tag","embeddable":true,"href":"https:\/\/omali.com.gt\/en\/wp-json\/wp\/v2\/tags?post=204"}],"curies":[{"name":"wp","href":"https:\/\/api.w.org\/{rel}","templated":true}]}}