{"id":209,"date":"2016-12-01T17:14:45","date_gmt":"2016-12-01T17:14:45","guid":{"rendered":"http:\/\/omali.com.gt\/?page_id=209"},"modified":"2017-01-17T22:36:19","modified_gmt":"2017-01-17T22:36:19","slug":"proteccion-a-geomembranas","status":"publish","type":"page","link":"https:\/\/omali.com.gt\/en\/productos\/geotextiles-no-tejidos\/proteccion-a-geomembranas\/","title":{"rendered":"Geomembrane Protection"},"content":{"rendered":"<h2>Geomembrane Protection<\/h2>\n<p><img loading=\"lazy\" decoding=\"async\" class=\"size-full wp-image-674 alignleft\" src=\"http:\/\/omali.com.gt\/wp-content\/uploads\/2016\/12\/Geomembrane_Protection.jpg\" alt=\"Geomembrane Protection\" width=\"327\" height=\"245\" srcset=\"https:\/\/omali.com.gt\/wp-content\/uploads\/2016\/12\/Geomembrane_Protection.jpg 327w, https:\/\/omali.com.gt\/wp-content\/uploads\/2016\/12\/Geomembrane_Protection-300x225.jpg 300w\" sizes=\"auto, (max-width: 327px) 85vw, 327px\" \/><br \/>\nNon woven geotextiles are commonly utilized as protection for geomembranes where ground conditions might otherwise puncture these.<!--more--><br \/>\n<br \/>\nThe installation of a non woven geotextile as protection for a geomembrane installation can reduce the amount of work required to prepare the ground surface for installation of the geomembrane, which will therefore result in an overall reduction in cost of installation.<br \/>\n<br \/>\nGenerally, fairly thick non woven geotextiles are used for this application.<\/p>\n","protected":false},"excerpt":{"rendered":"<p>Protecci\u00f3n a Geomembranas Los geotextiles no tejidos son utilizados com\u00fanmente como protecci\u00f3n a la geomembrana, coloc\u00e1ndose por debajo o sobre la misma<\/p>\n","protected":false},"author":1,"featured_media":211,"parent":83,"menu_order":4,"comment_status":"closed","ping_status":"closed","template":"page-templates\/interior.php","meta":{"footnotes":""},"categories":[7],"tags":[],"class_list":["post-209","page","type-page","status-publish","has-post-thumbnail","hentry","category-geotextiles-no-tejidos"],"translation":{"provider":"WPGlobus","version":"2.10.9","language":"en","enabled_languages":["es","en"],"languages":{"es":{"title":true,"content":true,"excerpt":false},"en":{"title":true,"content":true,"excerpt":false}}},"_links":{"self":[{"href":"https:\/\/omali.com.gt\/en\/wp-json\/wp\/v2\/pages\/209","targetHints":{"allow":["GET"]}}],"collection":[{"href":"https:\/\/omali.com.gt\/en\/wp-json\/wp\/v2\/pages"}],"about":[{"href":"https:\/\/omali.com.gt\/en\/wp-json\/wp\/v2\/types\/page"}],"author":[{"embeddable":true,"href":"https:\/\/omali.com.gt\/en\/wp-json\/wp\/v2\/users\/1"}],"replies":[{"embeddable":true,"href":"https:\/\/omali.com.gt\/en\/wp-json\/wp\/v2\/comments?post=209"}],"version-history":[{"count":9,"href":"https:\/\/omali.com.gt\/en\/wp-json\/wp\/v2\/pages\/209\/revisions"}],"predecessor-version":[{"id":672,"href":"https:\/\/omali.com.gt\/en\/wp-json\/wp\/v2\/pages\/209\/revisions\/672"}],"up":[{"embeddable":true,"href":"https:\/\/omali.com.gt\/en\/wp-json\/wp\/v2\/pages\/83"}],"wp:featuredmedia":[{"embeddable":true,"href":"https:\/\/omali.com.gt\/en\/wp-json\/wp\/v2\/media\/211"}],"wp:attachment":[{"href":"https:\/\/omali.com.gt\/en\/wp-json\/wp\/v2\/media?parent=209"}],"wp:term":[{"taxonomy":"category","embeddable":true,"href":"https:\/\/omali.com.gt\/en\/wp-json\/wp\/v2\/categories?post=209"},{"taxonomy":"post_tag","embeddable":true,"href":"https:\/\/omali.com.gt\/en\/wp-json\/wp\/v2\/tags?post=209"}],"curies":[{"name":"wp","href":"https:\/\/api.w.org\/{rel}","templated":true}]}}