{"id":320,"date":"2016-12-06T15:16:34","date_gmt":"2016-12-06T15:16:34","guid":{"rendered":"http:\/\/omali.com.gt\/?page_id=320"},"modified":"2017-01-17T22:40:20","modified_gmt":"2017-01-17T22:40:20","slug":"estabilizacion-de-suelos-blandos","status":"publish","type":"page","link":"https:\/\/omali.com.gt\/en\/productos\/geotextiles-tejidos\/estabilizacion-de-suelos-blandos\/","title":{"rendered":"Soft Soil Stabilization"},"content":{"rendered":"<h2>Soft Soil Stabilization<\/h2>\n<p><img loading=\"lazy\" decoding=\"async\" class=\"size-full wp-image-690 alignleft\" src=\"http:\/\/omali.com.gt\/wp-content\/uploads\/2016\/12\/Soft_Soil_Stabilization.jpg\" alt=\"Soft Soil Stabilization\" width=\"327\" height=\"245\" srcset=\"https:\/\/omali.com.gt\/wp-content\/uploads\/2016\/12\/Soft_Soil_Stabilization.jpg 327w, https:\/\/omali.com.gt\/wp-content\/uploads\/2016\/12\/Soft_Soil_Stabilization-300x225.jpg 300w\" sizes=\"auto, (max-width: 327px) 85vw, 327px\" \/><\/p>\n<p>The utilization of woven geotextile is an excellent option for resolving the problem of stabilizing soft or weak soils, where traditionally one would have to replace<!--more-->the soil with select compacted aggregate, such as in swampy soils or soils with weak penetration values.<br \/>\n<br \/>\nBy installing a woven geotextile, it is possible to reduce the thickness of the aggregate layers which would have to be placed an compacted, thus adding to the cost benefit ratio of the project and in addition, adding to the useful life of the structure by protecting it from the migration of fine particles on a long term basis.<br \/>\n<br \/>\nThe woven geotextile performs two principal functions in this application:<br \/>\n1.\u00a0\u00a0\u00a0 It provides a separation layer between the natural subsoil and the subsequent aggregate layers, so that these will not mix and loose their design properties, thus assuring an effective thickness of the aggregate material.<br \/>\n2.\u00a0\u00a0\u00a0 It provides additional reinforcement to the soil due to the increase in tensional strength from the frictional interaction between the geotextile with a high tensional strength and the soil.<br \/>\n<br \/>\nThe type of geotextile to be selected will depend on the tensile strength required to provide reinforcement to the soil, as well as the geotextile\u2019s ability to withstand construction damage.<\/p>\n","protected":false},"excerpt":{"rendered":"<p>Estabilizaci\u00f3n de Suelos Blandos La utilizaci\u00f3n de geotextil tejido es una excelente opci\u00f3n para resolver el problema de estabilizaci\u00f3n de suelos blandos, en donde tradicionalmente se debe hacer una sustituci\u00f3n del suelo<\/p>\n","protected":false},"author":2,"featured_media":322,"parent":88,"menu_order":0,"comment_status":"closed","ping_status":"closed","template":"page-templates\/interior.php","meta":{"footnotes":""},"categories":[8],"tags":[],"class_list":["post-320","page","type-page","status-publish","has-post-thumbnail","hentry","category-geotextiles-tejidos"],"translation":{"provider":"WPGlobus","version":"2.10.9","language":"en","enabled_languages":["es","en"],"languages":{"es":{"title":true,"content":true,"excerpt":false},"en":{"title":true,"content":true,"excerpt":false}}},"_links":{"self":[{"href":"https:\/\/omali.com.gt\/en\/wp-json\/wp\/v2\/pages\/320","targetHints":{"allow":["GET"]}}],"collection":[{"href":"https:\/\/omali.com.gt\/en\/wp-json\/wp\/v2\/pages"}],"about":[{"href":"https:\/\/omali.com.gt\/en\/wp-json\/wp\/v2\/types\/page"}],"author":[{"embeddable":true,"href":"https:\/\/omali.com.gt\/en\/wp-json\/wp\/v2\/users\/2"}],"replies":[{"embeddable":true,"href":"https:\/\/omali.com.gt\/en\/wp-json\/wp\/v2\/comments?post=320"}],"version-history":[{"count":8,"href":"https:\/\/omali.com.gt\/en\/wp-json\/wp\/v2\/pages\/320\/revisions"}],"predecessor-version":[{"id":887,"href":"https:\/\/omali.com.gt\/en\/wp-json\/wp\/v2\/pages\/320\/revisions\/887"}],"up":[{"embeddable":true,"href":"https:\/\/omali.com.gt\/en\/wp-json\/wp\/v2\/pages\/88"}],"wp:featuredmedia":[{"embeddable":true,"href":"https:\/\/omali.com.gt\/en\/wp-json\/wp\/v2\/media\/322"}],"wp:attachment":[{"href":"https:\/\/omali.com.gt\/en\/wp-json\/wp\/v2\/media?parent=320"}],"wp:term":[{"taxonomy":"category","embeddable":true,"href":"https:\/\/omali.com.gt\/en\/wp-json\/wp\/v2\/categories?post=320"},{"taxonomy":"post_tag","embeddable":true,"href":"https:\/\/omali.com.gt\/en\/wp-json\/wp\/v2\/tags?post=320"}],"curies":[{"name":"wp","href":"https:\/\/api.w.org\/{rel}","templated":true}]}}