{"id":367,"date":"2016-12-07T21:12:00","date_gmt":"2016-12-07T21:12:00","guid":{"rendered":"http:\/\/omali.com.gt\/?page_id=367"},"modified":"2017-01-17T22:44:39","modified_gmt":"2017-01-17T22:44:39","slug":"refuerzo-en-muros-de-contencion","status":"publish","type":"page","link":"https:\/\/omali.com.gt\/en\/productos\/geotextiles-tejidos\/refuerzo-en-muros-de-contencion\/","title":{"rendered":"Reinforcement of Retaining Walls"},"content":{"rendered":"<h2>Reinforcement of Retaining Walls<\/h2>\n<p><img loading=\"lazy\" decoding=\"async\" class=\"size-full wp-image-699 alignleft\" src=\"http:\/\/omali.com.gt\/wp-content\/uploads\/2016\/12\/Reinforcement_of_Retaining_Walls.jpg\" alt=\"Reinforcement of Retaining Walls\" width=\"300\" height=\"198\" \/><\/p>\n<p>Woven geotextiles with high tensile strength properties can be used in geosynthetically reinforced soil retaining wall systems.<br \/>\n<br \/>\nThis retaining<!--more-->system consists of high tensile strength elements, in this case woven geotextile layers, extending from the wall face into the soil, to resist the horizontal pressure created by the backfill soil, being restrained through the frictional stresses mobilized between the geotextile layers and the backfill soil.<br \/>\n<br \/>\nThe type of geotextile to be selected will depend on the tensile strength required and the interaction between soil and the geotextile. Spacing between geotextile layers, as well as their lengths are to be calculated on the retaining wall design.<br \/>\n<br \/>\n<span class=\"brand\">Omali S.A.<\/span> can provide design services for geosynthetically reinforced walls and slopes. We also have the capability to direct and execute these types of projects whenever this is required by our clients.<\/p>\n","protected":false},"excerpt":{"rendered":"<p>Refuerzo en Muros de Contenci\u00f3n El geotextil tejido puede ser utilizado en sistemas de muros de contenci\u00f3n de suelo reforzado con geosint\u00e9ticos por su alta resistencia a esfuerzos de tensi\u00f3n.<\/p>\n","protected":false},"author":2,"featured_media":369,"parent":88,"menu_order":3,"comment_status":"closed","ping_status":"closed","template":"page-templates\/interior.php","meta":{"footnotes":""},"categories":[8],"tags":[17,18],"class_list":["post-367","page","type-page","status-publish","has-post-thumbnail","hentry","category-geotextiles-tejidos","tag-x-x-geotextiles-tejidos","tag-x-x-refuerzo-en-muros-de-contencion"],"translation":{"provider":"WPGlobus","version":"2.10.9","language":"en","enabled_languages":["es","en"],"languages":{"es":{"title":true,"content":true,"excerpt":false},"en":{"title":true,"content":true,"excerpt":false}}},"_links":{"self":[{"href":"https:\/\/omali.com.gt\/en\/wp-json\/wp\/v2\/pages\/367","targetHints":{"allow":["GET"]}}],"collection":[{"href":"https:\/\/omali.com.gt\/en\/wp-json\/wp\/v2\/pages"}],"about":[{"href":"https:\/\/omali.com.gt\/en\/wp-json\/wp\/v2\/types\/page"}],"author":[{"embeddable":true,"href":"https:\/\/omali.com.gt\/en\/wp-json\/wp\/v2\/users\/2"}],"replies":[{"embeddable":true,"href":"https:\/\/omali.com.gt\/en\/wp-json\/wp\/v2\/comments?post=367"}],"version-history":[{"count":12,"href":"https:\/\/omali.com.gt\/en\/wp-json\/wp\/v2\/pages\/367\/revisions"}],"predecessor-version":[{"id":698,"href":"https:\/\/omali.com.gt\/en\/wp-json\/wp\/v2\/pages\/367\/revisions\/698"}],"up":[{"embeddable":true,"href":"https:\/\/omali.com.gt\/en\/wp-json\/wp\/v2\/pages\/88"}],"wp:featuredmedia":[{"embeddable":true,"href":"https:\/\/omali.com.gt\/en\/wp-json\/wp\/v2\/media\/369"}],"wp:attachment":[{"href":"https:\/\/omali.com.gt\/en\/wp-json\/wp\/v2\/media?parent=367"}],"wp:term":[{"taxonomy":"category","embeddable":true,"href":"https:\/\/omali.com.gt\/en\/wp-json\/wp\/v2\/categories?post=367"},{"taxonomy":"post_tag","embeddable":true,"href":"https:\/\/omali.com.gt\/en\/wp-json\/wp\/v2\/tags?post=367"}],"curies":[{"name":"wp","href":"https:\/\/api.w.org\/{rel}","templated":true}]}}