{"id":383,"date":"2016-12-09T15:31:46","date_gmt":"2016-12-09T15:31:46","guid":{"rendered":"http:\/\/omali.com.gt\/?page_id=383"},"modified":"2016-12-19T22:40:04","modified_gmt":"2016-12-19T22:40:04","slug":"taludes-ecologicos","status":"publish","type":"page","link":"https:\/\/omali.com.gt\/en\/productos\/geomallas\/taludes-ecologicos\/","title":{"rendered":"Ecological Taludes"},"content":{"rendered":"<h2>Ecological Taludes<\/h2>\n<p><img loading=\"lazy\" decoding=\"async\" class=\"size-full wp-image-718 alignleft\" src=\"http:\/\/omali.com.gt\/wp-content\/uploads\/2016\/12\/Ecological_Taludes.jpg\" alt=\"Ecological Taludes\" width=\"245\" height=\"327\" srcset=\"https:\/\/omali.com.gt\/wp-content\/uploads\/2016\/12\/Ecological_Taludes.jpg 245w, https:\/\/omali.com.gt\/wp-content\/uploads\/2016\/12\/Ecological_Taludes-225x300.jpg 225w\" sizes=\"auto, (max-width: 245px) 85vw, 245px\" \/><\/p>\n<p>This containment system includes tension-resisting elements, in this case geogrid layers\u00a0that extend from the slope face to the back in the filler material , which counteract<!--more-->the horizontal thrust efforts exerted by the ground,\u00a0 forming an anchor by friction and interlocking ( interlock) between the ground and the geogrid.<br \/>\n<br \/>\nThe slope face is formed by a sheath layer of geogrid which enables it to be subsequently vegetated to create a green finish that is environmentally friendly.<br \/>\n<br \/>\nIn <span class=\"brand\">Omali S.A.<\/span> we provide design services of such containment systems and we are also ableto lead and execute such works.<\/p>\n","protected":false},"excerpt":{"rendered":"<p>Taludes Ecol\u00f3gicos Este sistema de contenci\u00f3n comprende elementos resistentes a la tensi\u00f3n, en este caso capas de geomallas, que se extienden desde la cara del talud hacia atr\u00e1s en el material de relleno<\/p>\n","protected":false},"author":2,"featured_media":385,"parent":90,"menu_order":2,"comment_status":"closed","ping_status":"closed","template":"page-templates\/interior.php","meta":{"footnotes":""},"categories":[9],"tags":[49,50],"class_list":["post-383","page","type-page","status-publish","has-post-thumbnail","hentry","category-geomallas","tag-x-x-x-x-x-x-x-x-x-x-x-x-x-geomallas","tag-x-x-x-x-x-x-x-x-x-x-x-x-x-taludes-ecologicos"],"translation":{"provider":"WPGlobus","version":"2.10.9","language":"en","enabled_languages":["es","en"],"languages":{"es":{"title":true,"content":true,"excerpt":false},"en":{"title":true,"content":true,"excerpt":false}}},"_links":{"self":[{"href":"https:\/\/omali.com.gt\/en\/wp-json\/wp\/v2\/pages\/383","targetHints":{"allow":["GET"]}}],"collection":[{"href":"https:\/\/omali.com.gt\/en\/wp-json\/wp\/v2\/pages"}],"about":[{"href":"https:\/\/omali.com.gt\/en\/wp-json\/wp\/v2\/types\/page"}],"author":[{"embeddable":true,"href":"https:\/\/omali.com.gt\/en\/wp-json\/wp\/v2\/users\/2"}],"replies":[{"embeddable":true,"href":"https:\/\/omali.com.gt\/en\/wp-json\/wp\/v2\/comments?post=383"}],"version-history":[{"count":15,"href":"https:\/\/omali.com.gt\/en\/wp-json\/wp\/v2\/pages\/383\/revisions"}],"predecessor-version":[{"id":713,"href":"https:\/\/omali.com.gt\/en\/wp-json\/wp\/v2\/pages\/383\/revisions\/713"}],"up":[{"embeddable":true,"href":"https:\/\/omali.com.gt\/en\/wp-json\/wp\/v2\/pages\/90"}],"wp:featuredmedia":[{"embeddable":true,"href":"https:\/\/omali.com.gt\/en\/wp-json\/wp\/v2\/media\/385"}],"wp:attachment":[{"href":"https:\/\/omali.com.gt\/en\/wp-json\/wp\/v2\/media?parent=383"}],"wp:term":[{"taxonomy":"category","embeddable":true,"href":"https:\/\/omali.com.gt\/en\/wp-json\/wp\/v2\/categories?post=383"},{"taxonomy":"post_tag","embeddable":true,"href":"https:\/\/omali.com.gt\/en\/wp-json\/wp\/v2\/tags?post=383"}],"curies":[{"name":"wp","href":"https:\/\/api.w.org\/{rel}","templated":true}]}}