{"id":90,"date":"2016-12-01T06:17:52","date_gmt":"2016-12-01T06:17:52","guid":{"rendered":"http:\/\/omali.com.gt\/?page_id=90"},"modified":"2017-01-17T23:31:21","modified_gmt":"2017-01-17T23:31:21","slug":"geomallas","status":"publish","type":"page","link":"https:\/\/omali.com.gt\/en\/productos\/geomallas\/","title":{"rendered":"Geogrids"},"content":{"rendered":"<p><img loading=\"lazy\" decoding=\"async\" class=\"alignnone size-full wp-image-315\" src=\"http:\/\/omali.com.gt\/wp-content\/uploads\/2016\/11\/products_0.jpg\" alt=\"Products\" width=\"767\" height=\"176\" srcset=\"https:\/\/omali.com.gt\/wp-content\/uploads\/2016\/11\/products_0.jpg 767w, https:\/\/omali.com.gt\/wp-content\/uploads\/2016\/11\/products_0-300x69.jpg 300w\" sizes=\"auto, (max-width: 767px) 85vw, 767px\" \/><\/p>\n<h2>Geogrids<\/h2>\n<p>Geogrids are geosynthetic products consisting of a series of tensile elements arranged into a very open, gridlike configuration to allow an interlock system with the<!--more-->soil. The tensile elements of a geogrid can be oriented uniaxially or biaxially to provide reinforcement in one or both directions of its plane.<br \/>\n<br \/>\nAt <span class=\"brand\">Omali S.A.<\/span> we maintain an ample stock of both uniaxially and biaxially oriented geogrids, with a broad range of tensional strengths and characteristics for different job applications.<\/p>\n","protected":false},"excerpt":{"rendered":"<p>Geomallas Las geomallas son productos geosint\u00e9ticos, conformados por una serie de elementos resistentes a la tensi\u00f3n, dispuestos en una ret\u00edcula lo suficientemente abierta para interactuar<\/p>\n","protected":false},"author":1,"featured_media":103,"parent":6,"menu_order":4,"comment_status":"closed","ping_status":"closed","template":"page-templates\/geomallas.php","meta":{"footnotes":""},"categories":[3],"tags":[],"class_list":["post-90","page","type-page","status-publish","has-post-thumbnail","hentry","category-productos"],"translation":{"provider":"WPGlobus","version":"2.10.9","language":"en","enabled_languages":["es","en"],"languages":{"es":{"title":true,"content":true,"excerpt":false},"en":{"title":true,"content":true,"excerpt":false}}},"_links":{"self":[{"href":"https:\/\/omali.com.gt\/en\/wp-json\/wp\/v2\/pages\/90","targetHints":{"allow":["GET"]}}],"collection":[{"href":"https:\/\/omali.com.gt\/en\/wp-json\/wp\/v2\/pages"}],"about":[{"href":"https:\/\/omali.com.gt\/en\/wp-json\/wp\/v2\/types\/page"}],"author":[{"embeddable":true,"href":"https:\/\/omali.com.gt\/en\/wp-json\/wp\/v2\/users\/1"}],"replies":[{"embeddable":true,"href":"https:\/\/omali.com.gt\/en\/wp-json\/wp\/v2\/comments?post=90"}],"version-history":[{"count":15,"href":"https:\/\/omali.com.gt\/en\/wp-json\/wp\/v2\/pages\/90\/revisions"}],"predecessor-version":[{"id":722,"href":"https:\/\/omali.com.gt\/en\/wp-json\/wp\/v2\/pages\/90\/revisions\/722"}],"up":[{"embeddable":true,"href":"https:\/\/omali.com.gt\/en\/wp-json\/wp\/v2\/pages\/6"}],"wp:featuredmedia":[{"embeddable":true,"href":"https:\/\/omali.com.gt\/en\/wp-json\/wp\/v2\/media\/103"}],"wp:attachment":[{"href":"https:\/\/omali.com.gt\/en\/wp-json\/wp\/v2\/media?parent=90"}],"wp:term":[{"taxonomy":"category","embeddable":true,"href":"https:\/\/omali.com.gt\/en\/wp-json\/wp\/v2\/categories?post=90"},{"taxonomy":"post_tag","embeddable":true,"href":"https:\/\/omali.com.gt\/en\/wp-json\/wp\/v2\/tags?post=90"}],"curies":[{"name":"wp","href":"https:\/\/api.w.org\/{rel}","templated":true}]}}