{"id":92,"date":"2016-12-01T06:19:06","date_gmt":"2016-12-01T06:19:06","guid":{"rendered":"http:\/\/omali.com.gt\/?page_id=92"},"modified":"2017-01-17T23:38:42","modified_gmt":"2017-01-17T23:38:42","slug":"geocompuestos-de-drenaje","status":"publish","type":"page","link":"https:\/\/omali.com.gt\/en\/productos\/geocompuestos-de-drenaje\/","title":{"rendered":"Geocomposite Drain"},"content":{"rendered":"<p><img loading=\"lazy\" decoding=\"async\" class=\"alignnone size-full wp-image-315\" src=\"http:\/\/omali.com.gt\/wp-content\/uploads\/2016\/11\/products_0.jpg\" alt=\"Products\" width=\"767\" height=\"176\" srcset=\"https:\/\/omali.com.gt\/wp-content\/uploads\/2016\/11\/products_0.jpg 767w, https:\/\/omali.com.gt\/wp-content\/uploads\/2016\/11\/products_0-300x69.jpg 300w\" sizes=\"auto, (max-width: 767px) 85vw, 767px\" \/><\/p>\n<h2>Geocomposite Drain<\/h2>\n<p>A drainage geocomposite is a geosynthetic product specially designed to be utilized as a planar drainage material. It consists of a three-dimensional<!--more-->geospacer, covered on one or both faces of its plane with geotextiles. The geospacer creates a void space in the soil through which gas or fluids can flow, while the geotextile layers provide filtration to keep the soil particles from entering into the drainage media. There are many different types of drainage geocomposites, depending on the type and characteristics of the geospacer, as well as the geotextile cover layers.<br \/>\n<br \/>\nAt\u00a0\ufffc<span class=\"brand\">Omali S.A.<\/span> we maintain an ample stock of drainage geocomposites of different kinds and characteristics, for different job applications.<\/p>\n","protected":false},"excerpt":{"rendered":"<p>Geocompuestos de Drenaje Los geocompuestos de drenaje son productos geosint\u00e9ticos especialmente dise\u00f1ados para ser utilizados como drenajes planares. Est\u00e1n formados por un geoespaciador tridimensional<\/p>\n","protected":false},"author":1,"featured_media":104,"parent":6,"menu_order":5,"comment_status":"closed","ping_status":"closed","template":"page-templates\/geocompuestos-de-drenaje.php","meta":{"footnotes":""},"categories":[3],"tags":[],"class_list":["post-92","page","type-page","status-publish","has-post-thumbnail","hentry","category-productos"],"translation":{"provider":"WPGlobus","version":"2.10.9","language":"en","enabled_languages":["es","en"],"languages":{"es":{"title":true,"content":true,"excerpt":false},"en":{"title":true,"content":true,"excerpt":false}}},"_links":{"self":[{"href":"https:\/\/omali.com.gt\/en\/wp-json\/wp\/v2\/pages\/92","targetHints":{"allow":["GET"]}}],"collection":[{"href":"https:\/\/omali.com.gt\/en\/wp-json\/wp\/v2\/pages"}],"about":[{"href":"https:\/\/omali.com.gt\/en\/wp-json\/wp\/v2\/types\/page"}],"author":[{"embeddable":true,"href":"https:\/\/omali.com.gt\/en\/wp-json\/wp\/v2\/users\/1"}],"replies":[{"embeddable":true,"href":"https:\/\/omali.com.gt\/en\/wp-json\/wp\/v2\/comments?post=92"}],"version-history":[{"count":24,"href":"https:\/\/omali.com.gt\/en\/wp-json\/wp\/v2\/pages\/92\/revisions"}],"predecessor-version":[{"id":806,"href":"https:\/\/omali.com.gt\/en\/wp-json\/wp\/v2\/pages\/92\/revisions\/806"}],"up":[{"embeddable":true,"href":"https:\/\/omali.com.gt\/en\/wp-json\/wp\/v2\/pages\/6"}],"wp:featuredmedia":[{"embeddable":true,"href":"https:\/\/omali.com.gt\/en\/wp-json\/wp\/v2\/media\/104"}],"wp:attachment":[{"href":"https:\/\/omali.com.gt\/en\/wp-json\/wp\/v2\/media?parent=92"}],"wp:term":[{"taxonomy":"category","embeddable":true,"href":"https:\/\/omali.com.gt\/en\/wp-json\/wp\/v2\/categories?post=92"},{"taxonomy":"post_tag","embeddable":true,"href":"https:\/\/omali.com.gt\/en\/wp-json\/wp\/v2\/tags?post=92"}],"curies":[{"name":"wp","href":"https:\/\/api.w.org\/{rel}","templated":true}]}}