{"id":94,"date":"2016-12-01T06:19:52","date_gmt":"2016-12-01T06:19:52","guid":{"rendered":"http:\/\/omali.com.gt\/?page_id=94"},"modified":"2017-01-17T23:45:28","modified_gmt":"2017-01-17T23:45:28","slug":"tuberia-hdpe","status":"publish","type":"page","link":"https:\/\/omali.com.gt\/en\/productos\/tuberia-hdpe\/","title":{"rendered":"HDPE Pipe"},"content":{"rendered":"<p><img loading=\"lazy\" decoding=\"async\" class=\"alignnone size-full wp-image-315\" src=\"http:\/\/omali.com.gt\/wp-content\/uploads\/2016\/11\/products_0.jpg\" alt=\"Products\" width=\"767\" height=\"176\" srcset=\"https:\/\/omali.com.gt\/wp-content\/uploads\/2016\/11\/products_0.jpg 767w, https:\/\/omali.com.gt\/wp-content\/uploads\/2016\/11\/products_0-300x69.jpg 300w\" sizes=\"auto, (max-width: 767px) 85vw, 767px\" \/><\/p>\n<h2>HDPE Pipe<\/h2>\n<p><img loading=\"lazy\" decoding=\"async\" class=\"size-full wp-image-742 alignleft\" src=\"http:\/\/omali.com.gt\/wp-content\/uploads\/2016\/12\/HDPE_pipe.jpg\" alt=\"hdpe pipe\" width=\"245\" height=\"327\" srcset=\"https:\/\/omali.com.gt\/wp-content\/uploads\/2016\/12\/HDPE_pipe.jpg 245w, https:\/\/omali.com.gt\/wp-content\/uploads\/2016\/12\/HDPE_pipe-225x300.jpg 225w\" sizes=\"auto, (max-width: 245px) 85vw, 245px\" \/><br \/>\nHigh density polyethylene pipe, or HDPE, is one of the best and most cost effective types of pipe on the market today. It is strong, extremely tough and very durable, and unlike other piping<!--more-->material does not rust, rot, pit or corrode. HDPE offers better overall resistance to corrosive acids, bases, salts, and the most aggressive naturally ocurring soils.<br \/>\n<br \/>\nHDPE also has superior flow ratings over other pipe because its surfaces are smoother than steel, cast iron, ductile iron, or concrete. That is why a smaller HDPE pipe can carry an equivalent volumetric flow rate at the same pressure. The smoothness of the surface inhibits bacterial growth, resists scale and other biological build-ups within the pipe.<br \/>\n<br \/>\nIn \ufffc we have extensive experience in the installation of polyethylene pipe;over 40 kilometers of pipe fusion and over 10 kilometers of pipe installation using horizontal directional drilling, make us the leader in polyethylene pipe in Guatemala. The main advantage of this pipe over other options is that the connections made (Thermofusion) are the strongest part of the tube.<\/p>\n","protected":false},"excerpt":{"rendered":"<p>Tuber\u00eda HDPE La tuber\u00eda de polietileno de alta densidad HDPE es uno de los mejores y mas econ\u00f3micos tipos de tuber\u00eda en el mercado de hoy. Es una tuber\u00eda fuerte, extremadamente<\/p>\n","protected":false},"author":1,"featured_media":105,"parent":6,"menu_order":6,"comment_status":"closed","ping_status":"closed","template":"page-templates\/interior.php","meta":{"footnotes":""},"categories":[3],"tags":[],"class_list":["post-94","page","type-page","status-publish","has-post-thumbnail","hentry","category-productos"],"translation":{"provider":"WPGlobus","version":"2.10.9","language":"en","enabled_languages":["es","en"],"languages":{"es":{"title":true,"content":true,"excerpt":false},"en":{"title":true,"content":true,"excerpt":false}}},"_links":{"self":[{"href":"https:\/\/omali.com.gt\/en\/wp-json\/wp\/v2\/pages\/94","targetHints":{"allow":["GET"]}}],"collection":[{"href":"https:\/\/omali.com.gt\/en\/wp-json\/wp\/v2\/pages"}],"about":[{"href":"https:\/\/omali.com.gt\/en\/wp-json\/wp\/v2\/types\/page"}],"author":[{"embeddable":true,"href":"https:\/\/omali.com.gt\/en\/wp-json\/wp\/v2\/users\/1"}],"replies":[{"embeddable":true,"href":"https:\/\/omali.com.gt\/en\/wp-json\/wp\/v2\/comments?post=94"}],"version-history":[{"count":16,"href":"https:\/\/omali.com.gt\/en\/wp-json\/wp\/v2\/pages\/94\/revisions"}],"predecessor-version":[{"id":932,"href":"https:\/\/omali.com.gt\/en\/wp-json\/wp\/v2\/pages\/94\/revisions\/932"}],"up":[{"embeddable":true,"href":"https:\/\/omali.com.gt\/en\/wp-json\/wp\/v2\/pages\/6"}],"wp:featuredmedia":[{"embeddable":true,"href":"https:\/\/omali.com.gt\/en\/wp-json\/wp\/v2\/media\/105"}],"wp:attachment":[{"href":"https:\/\/omali.com.gt\/en\/wp-json\/wp\/v2\/media?parent=94"}],"wp:term":[{"taxonomy":"category","embeddable":true,"href":"https:\/\/omali.com.gt\/en\/wp-json\/wp\/v2\/categories?post=94"},{"taxonomy":"post_tag","embeddable":true,"href":"https:\/\/omali.com.gt\/en\/wp-json\/wp\/v2\/tags?post=94"}],"curies":[{"name":"wp","href":"https:\/\/api.w.org\/{rel}","templated":true}]}}